{"id":77,"date":"2015-03-29T18:46:50","date_gmt":"2015-03-29T18:46:50","guid":{"rendered":"http:\/\/wnetrznosci.com\/blog\/?page_id=77"},"modified":"2021-02-23T19:46:37","modified_gmt":"2021-02-23T18:46:37","slug":"kontakt","status":"publish","type":"page","link":"http:\/\/www.ourchoys.pl\/index.php\/kontakt\/","title":{"rendered":"O nas"},"content":{"rendered":"<p>Nazywamy si\u0119 Ela i Mateusz, jeste\u015bmy ma\u0142\u017ce\u0144stwem, kt\u00f3re \u0142\u0105czy wsp\u00f3lna pasja do pi\u0119knych wn\u0119trz, mebli i dodatk\u00f3w.<span class=\"Apple-converted-space\">\u00a0 <\/span>Kochamy wzornictwo lat 60, podr\u00f3\u017ce te dalekie i bliskie, dobre jedzenie oraz fotografi\u0119. W wolnym czasie przerabiamy stare meble \u2013 najcz\u0119\u015bciej znalezione i tym samym ratujemy im \u017cycie\u201d Blog powsta\u0142 z zami\u0142owania, kt\u00f3re przerodzi\u0142o si\u0119 w spos\u00f3b na \u017cycie.<\/p>\n<p>G\u0142\u00f3wn\u0105 tematyk\u0105 s\u0105 wn\u0119trza i wszystko co z nimi zwi\u0105zane od wyposa\u017cenia poprzez nowo\u015bci technologiczne. Nie boimy si\u0119 burzy\u0107, remontowa\u0107, malowa\u0107, przerabia\u0107 i urz\u0105dza\u0107. Nasza pasja do fotografii pozwala nam na wykonanie profesjonalnych zdj\u0119\u0107 do artyku\u0142\u00f3w. W ci\u0105gu niemal dw\u00f3ch lat zdobyli\u015bmy du\u017ce do\u015bwiadczenie w dziedzinie blogowania. Wiele du\u017cych firm obdarzy\u0142o nas zaufaniem podczas kampanii reklamowych.<\/p>\n<p style=\"text-align: center;\">Nasze osi\u0105gni\u0119cia:<\/p>\n<p style=\"text-align: center;\"><strong>Blog Design<\/strong><\/p>\n<p><img loading=\"lazy\" decoding=\"async\" class=\"aligncenter size-large wp-image-5452\" src=\"http:\/\/www.wnetrznosci.com\/wp-content\/uploads\/2015\/03\/blogdesign_213x275_prasa-1-801x1024-485x620.jpg\" alt=\"\" width=\"485\" height=\"620\" srcset=\"http:\/\/www.ourchoys.pl\/wp-content\/uploads\/2015\/03\/blogdesign_213x275_prasa-1-801x1024-485x620.jpg 485w, http:\/\/www.ourchoys.pl\/wp-content\/uploads\/2015\/03\/blogdesign_213x275_prasa-1-801x1024-59x75.jpg 59w, http:\/\/www.ourchoys.pl\/wp-content\/uploads\/2015\/03\/blogdesign_213x275_prasa-1-801x1024-164x210.jpg 164w, http:\/\/www.ourchoys.pl\/wp-content\/uploads\/2015\/03\/blogdesign_213x275_prasa-1-801x1024-768x982.jpg 768w, http:\/\/www.ourchoys.pl\/wp-content\/uploads\/2015\/03\/blogdesign_213x275_prasa-1-801x1024-235x300.jpg 235w, http:\/\/www.ourchoys.pl\/wp-content\/uploads\/2015\/03\/blogdesign_213x275_prasa-1-801x1024.jpg 801w\" sizes=\"auto, (max-width: 485px) 100vw, 485px\" \/><\/p>\n<p style=\"text-align: center;\">nagroda w kategorii ARCHITEKTURA 2015<\/p>\n<p style=\"text-align: center;\"><strong>Ambasador \u0141\u00f3d\u017a Design Festiwal 2016 oraz 2017\u00a0<\/strong><\/p>\n<p><img loading=\"lazy\" decoding=\"async\" class=\"aligncenter size-full wp-image-3656\" src=\"http:\/\/www.wnetrznosci.com\/wp-content\/uploads\/2017\/08\/250x125_ambasador_PL.gif\" alt=\"\" width=\"250\" height=\"125\" \/><\/p>\n<p style=\"text-align: center;\"><strong>Ambasador Festiwal Otwarte Mieszkania 2018 Krak\u00f3w<\/strong><\/p>\n<p><img loading=\"lazy\" decoding=\"async\" class=\"aligncenter wp-image-4713 size-medium\" src=\"http:\/\/www.wnetrznosci.com\/wp-content\/uploads\/2018\/04\/16804127_1765010733826694_336134348927085390_o-210x210.jpg\" alt=\"\" width=\"210\" height=\"210\" srcset=\"http:\/\/www.ourchoys.pl\/wp-content\/uploads\/2018\/04\/16804127_1765010733826694_336134348927085390_o-210x210.jpg 210w, http:\/\/www.ourchoys.pl\/wp-content\/uploads\/2018\/04\/16804127_1765010733826694_336134348927085390_o-75x75.jpg 75w, http:\/\/www.ourchoys.pl\/wp-content\/uploads\/2018\/04\/16804127_1765010733826694_336134348927085390_o-768x768.jpg 768w, http:\/\/www.ourchoys.pl\/wp-content\/uploads\/2018\/04\/16804127_1765010733826694_336134348927085390_o-620x620.jpg 620w, http:\/\/www.ourchoys.pl\/wp-content\/uploads\/2018\/04\/16804127_1765010733826694_336134348927085390_o-300x300.jpg 300w, http:\/\/www.ourchoys.pl\/wp-content\/uploads\/2018\/04\/16804127_1765010733826694_336134348927085390_o.jpg 1000w\" sizes=\"auto, (max-width: 210px) 100vw, 210px\" \/><\/p>\n<p style=\"text-align: center;\">Media o nas:<\/p>\n<p><img loading=\"lazy\" decoding=\"async\" class=\"aligncenter size-large wp-image-5457\" src=\"http:\/\/www.wnetrznosci.com\/wp-content\/uploads\/2015\/03\/pisma-990x287.jpg\" alt=\"\" width=\"790\" height=\"229\" srcset=\"http:\/\/www.ourchoys.pl\/wp-content\/uploads\/2015\/03\/pisma-990x287.jpg 990w, http:\/\/www.ourchoys.pl\/wp-content\/uploads\/2015\/03\/pisma-75x22.jpg 75w, http:\/\/www.ourchoys.pl\/wp-content\/uploads\/2015\/03\/pisma-300x87.jpg 300w, http:\/\/www.ourchoys.pl\/wp-content\/uploads\/2015\/03\/pisma-768x223.jpg 768w, http:\/\/www.ourchoys.pl\/wp-content\/uploads\/2015\/03\/pisma.jpg 1345w\" sizes=\"auto, (max-width: 790px) 100vw, 790px\" \/><\/p>\n<p>Dane kontaktowe:<\/p>\n<p>E-mail: kontakt@wnetrznosci.com<\/p>\n<p>Telefon: 516 318 518<\/p>\n<p>Social Media:<\/p>\n<p>Facebook: <a href=\"http:\/\/www.fb.com\/ourchoys\" target=\"_blank\" rel=\"noopener noreferrer\">www.fb.com\/ourchoys<\/a><\/p>\n<p>Instagram:<a href=\"http:\/\/www.instagram.com\/ourchoys\" target=\"_blank\" rel=\"noopener noreferrer\"> www.instagram.com\/ourchoys<\/a><\/p>\n","protected":false},"excerpt":{"rendered":"<p>Nazywamy si\u0119 Ela i Mateusz, jeste\u015bmy ma\u0142\u017ce\u0144stwem, kt\u00f3re \u0142\u0105czy wsp\u00f3lna pasja do pi\u0119knych wn\u0119trz, mebli i dodatk\u00f3w.\u00a0 Kochamy wzornictwo lat 60, podr\u00f3\u017ce te dalekie i bliskie, dobre jedzenie oraz fotografi\u0119. W wolnym czasie przerabiamy stare meble \u2013 najcz\u0119\u015bciej znalezione i tym samym ratujemy im \u017cycie\u201d Blog powsta\u0142 z zami\u0142owania, kt\u00f3re przerodzi\u0142o si\u0119 w spos\u00f3b na \u017cycie. G\u0142\u00f3wn\u0105 tematyk\u0105 s\u0105 wn\u0119trza i wszystko co z nimi zwi\u0105zane od wyposa\u017cenia poprzez nowo\u015bci&#8230;<\/p>\n","protected":false},"author":1,"featured_media":4772,"parent":0,"menu_order":0,"comment_status":"open","ping_status":"open","template":"","meta":{"_acf_changed":false,"footnotes":""},"class_list":["post-77","page","type-page","status-publish","has-post-thumbnail","hentry"],"acf":[],"_links":{"self":[{"href":"http:\/\/www.ourchoys.pl\/index.php\/wp-json\/wp\/v2\/pages\/77","targetHints":{"allow":["GET"]}}],"collection":[{"href":"http:\/\/www.ourchoys.pl\/index.php\/wp-json\/wp\/v2\/pages"}],"about":[{"href":"http:\/\/www.ourchoys.pl\/index.php\/wp-json\/wp\/v2\/types\/page"}],"author":[{"embeddable":true,"href":"http:\/\/www.ourchoys.pl\/index.php\/wp-json\/wp\/v2\/users\/1"}],"replies":[{"embeddable":true,"href":"http:\/\/www.ourchoys.pl\/index.php\/wp-json\/wp\/v2\/comments?post=77"}],"version-history":[{"count":11,"href":"http:\/\/www.ourchoys.pl\/index.php\/wp-json\/wp\/v2\/pages\/77\/revisions"}],"predecessor-version":[{"id":6840,"href":"http:\/\/www.ourchoys.pl\/index.php\/wp-json\/wp\/v2\/pages\/77\/revisions\/6840"}],"wp:featuredmedia":[{"embeddable":true,"href":"http:\/\/www.ourchoys.pl\/index.php\/wp-json\/wp\/v2\/media\/4772"}],"wp:attachment":[{"href":"http:\/\/www.ourchoys.pl\/index.php\/wp-json\/wp\/v2\/media?parent=77"}],"curies":[{"name":"wp","href":"https:\/\/api.w.org\/{rel}","templated":true}]}}